{"id":30,"date":"2025-11-15T13:30:51","date_gmt":"2025-11-15T13:30:51","guid":{"rendered":"http:\/\/edtechgrandest.fr\/?page_id=30"},"modified":"2026-03-27T14:11:20","modified_gmt":"2026-03-27T14:11:20","slug":"salon-virtuel","status":"publish","type":"page","link":"http:\/\/edtechgrandest.fr\/index.php\/salon-virtuel\/","title":{"rendered":"Salon virtuel"},"content":{"rendered":"\n<p>Des projets n\u00e9s dans le grand-Est !<\/p>\n\n\n\n<div class=\"wp-block-group tech-software-slider-section alignfull is-layout-constrained wp-container-core-group-is-layout-74c31d1c wp-block-group-is-layout-constrained\" style=\"margin-top:0;margin-bottom:0;padding-top:0;padding-right:0;padding-bottom:0;padding-left:0\">\n<div class=\"wp-block-columns is-layout-flex wp-container-core-columns-is-layout-28f84493 wp-block-columns-is-layout-flex\">\n<div class=\"wp-block-column is-layout-flow wp-block-column-is-layout-flow\" style=\"flex-basis:100%\"><\/div>\n<\/div>\n<\/div>\n\n\n\n<div class=\"wp-block-group tech-software-slider-section alignfull is-layout-constrained wp-container-core-group-is-layout-74c31d1c wp-block-group-is-layout-constrained\" style=\"margin-top:0;margin-bottom:0;padding-top:0;padding-right:0;padding-bottom:0;padding-left:0\">\n<div class=\"wp-block-group is-layout-constrained wp-block-group-is-layout-constrained\">\n<div class=\"wp-block-group is-vertical is-layout-flex wp-container-core-group-is-layout-fe9cc265 wp-block-group-is-layout-flex\">\n<div class=\"wp-block-group is-layout-constrained wp-block-group-is-layout-constrained\"><\/div>\n<\/div>\n<\/div>\n<\/div>\n\n\n\n<h2 class=\"wp-block-heading alignwide\"><\/h2>\n\n\n\n<div class=\"wp-block-buttons alignfull is-content-justification-center is-layout-flex wp-container-core-buttons-is-layout-a89b3969 wp-block-buttons-is-layout-flex\">\n<div class=\"wp-block-button\"><a class=\"wp-block-button__link wp-element-button\" href=\"https:\/\/forms.office.com\/e\/pN8mgpXCi2\">Ajouter mon projet !<\/a><\/div>\n<\/div>\n\n\n\n<div style=\"height:100px\" aria-hidden=\"true\" class=\"wp-block-spacer\"><\/div>\n\n\n\n<figure class=\"wp-block-image aligncenter size-full is-resized\"><img fetchpriority=\"high\" decoding=\"async\" width=\"2560\" height=\"635\" src=\"http:\/\/edtechgrandest.fr\/wp-content\/uploads\/2026\/03\/Edtech-Grand-Est-banniere-avec-texte-scaled.png\" alt=\"\" class=\"wp-image-86\" style=\"aspect-ratio:4.031687685114541;width:1147px;height:auto\" srcset=\"http:\/\/edtechgrandest.fr\/wp-content\/uploads\/2026\/03\/Edtech-Grand-Est-banniere-avec-texte-scaled.png 2560w, http:\/\/edtechgrandest.fr\/wp-content\/uploads\/2026\/03\/Edtech-Grand-Est-banniere-avec-texte-300x74.png 300w, http:\/\/edtechgrandest.fr\/wp-content\/uploads\/2026\/03\/Edtech-Grand-Est-banniere-avec-texte-1024x254.png 1024w, http:\/\/edtechgrandest.fr\/wp-content\/uploads\/2026\/03\/Edtech-Grand-Est-banniere-avec-texte-768x191.png 768w, http:\/\/edtechgrandest.fr\/wp-content\/uploads\/2026\/03\/Edtech-Grand-Est-banniere-avec-texte-1536x381.png 1536w, http:\/\/edtechgrandest.fr\/wp-content\/uploads\/2026\/03\/Edtech-Grand-Est-banniere-avec-texte-2048x508.png 2048w\" sizes=\"(max-width: 2560px) 100vw, 2560px\" \/><\/figure>\n\n\n\n<blockquote class=\"wp-block-quote is-layout-flow wp-block-quote-is-layout-flow\">\n<p><\/p>\n<\/blockquote>\n\n\n\n<blockquote class=\"wp-block-quote is-layout-flow wp-block-quote-is-layout-flow\">\n<p><\/p>\n<\/blockquote>\n\n\n\n<details class=\"wp-block-details is-layout-flow wp-block-details-is-layout-flow\"><summary>Optease Conseil \/ D\u00e9couvrir le projet<\/summary>\n<p><strong>Optease Conseil (Optimise &amp; Ease<\/strong> ) est \u00e0 vos c\u00f4t\u00e9s pour :<\/p>\n\n\n\n<ul class=\"wp-block-list\">\n<li>faciliter l\u2019analyse strat\u00e9gique de vos projets,<\/li>\n\n\n\n<li>vous ouvrir des portes sur les march\u00e9s vis\u00e9s<\/li>\n\n\n\n<li>et activer son r\u00e9seau de partenaires pour r\u00e9pondre \u00e0 vos attentes d\u2019innovation et de formation.<\/li>\n\n\n\n<li><strong>Investissez et formez vos \u00e9quipes pour performer !<\/strong><\/li>\n<\/ul>\n\n\n\n<p><strong>Optease Conseil <\/strong>accompagne aussi les industriels sur un sujet pointu : l\u2019<a href=\"https:\/\/opteaseconseil.com\/accueil\/energie\/\" target=\"_blank\" rel=\"noreferrer noopener\">optimisation \u00e9nerg\u00e9tique.<\/a><\/p>\n\n\n\n<p><a href=\"https:\/\/opteaseconseil.com\">https:\/\/opteaseconseil.com<\/a><\/p>\n\n\n\n<h3 class=\"wp-block-heading\"><\/h3>\n\n\n\n<figure class=\"wp-block-image size-large is-resized\"><img decoding=\"async\" src=\"https:\/\/i0.wp.com\/opteaseconseil.com\/wp-content\/uploads\/2026\/02\/optease_linkedin_optimized2.png?fit=800%2C800&amp;ssl=1\" alt=\"\" style=\"width:250px;height:auto\"\/><\/figure>\n<\/details>\n\n\n\n<div class=\"wp-block-buttons alignfull is-content-justification-center is-layout-flex wp-container-core-buttons-is-layout-a89b3969 wp-block-buttons-is-layout-flex\">\n<div class=\"wp-block-button\"><a class=\"wp-block-button__link wp-element-button\" href=\"https:\/\/forms.office.com\/e\/pN8mgpXCi2\">Ajouter mon projet !<\/a><\/div>\n<\/div>\n\n\n\n<details class=\"wp-block-details is-layout-flow wp-block-details-is-layout-flow\"><summary>Unimate \/ D\u00e9couvrir le projet<\/summary>\n<p>Apprendre une langue ne devrait pas \u00eatre une contrainte, mais une opportunit\u00e9. C\u2019est pourquoi Unimates transforme l\u2019apprentissage des langues en une exp\u00e9rience immersive et collaborative sp\u00e9cialement con\u00e7ue pour les \u00e9tudiants de l\u2019enseignement sup\u00e9rieur. \ud83c\udfaf Notre mission : Connecter les \u00e9tudiants des grandes \u00e9coles et universit\u00e9s \u00e0 travers le monde pour leur permettre de pratiquer une langue \u00e9trang\u00e8re de mani\u00e8re engageante et efficace. \ud83d\udca1 Comment ? \u00c9changes linguistiques entre \u00e9tudiants de diff\u00e9rentes institutions Immersion culturelle gr\u00e2ce \u00e0 des bin\u00f4mes et groupes de discussion Un cadre acad\u00e9mique structur\u00e9 pour une progression optimale \ud83c\udf1f Pourquoi Unimates ? Parce que ma\u00eetriser une langue, c\u2019est ouvrir des portes : opportunit\u00e9s acad\u00e9miques, exp\u00e9riences \u00e0 l\u2019international, nouvelles perspectives professionnelles. Nous cr\u00e9ons un environnement o\u00f9 chaque \u00e9tudiant peut progresser \u00e0 son rythme, en lien avec ses besoins et son parcours.<\/p>\n\n\n\n<h3 class=\"wp-block-heading\"><\/h3>\n\n\n\n<p><a href=\"https:\/\/unimates-online.com\/\">https:\/\/unimates-online.com\/<\/a><\/p>\n\n\n\n<figure class=\"wp-block-image size-large\"><img decoding=\"async\" src=\"https:\/\/media.licdn.com\/dms\/image\/v2\/D4E0BAQEn6cWztK_7wg\/company-logo_200_200\/B4EZy_zDcCGUAI-\/0\/1772744358545\/unimates_online_logo?e=1776297600&amp;v=beta&amp;t=MwSXk3wc6DnAwy4KzTTRti8mHC1ievdct5ZvG9BhIMA\" alt=\"\"\/><\/figure>\n<\/details>\n\n\n\n<div class=\"wp-block-buttons alignfull is-content-justification-center is-layout-flex wp-container-core-buttons-is-layout-a89b3969 wp-block-buttons-is-layout-flex\">\n<div class=\"wp-block-button\"><a class=\"wp-block-button__link wp-element-button\" href=\"https:\/\/forms.office.com\/e\/pN8mgpXCi2\">Ajouter mon projet !<\/a><\/div>\n<\/div>\n\n\n\n<details class=\"wp-block-details alignwide is-layout-flow wp-block-details-is-layout-flow\"><summary>Prosoon \/ D\u00e9couvrir le projet<\/summary>\n<blockquote class=\"wp-block-quote is-layout-flow wp-block-quote-is-layout-flow\">\n<p><\/p>\n<\/blockquote>\n\n\n\n<blockquote class=\"wp-block-quote is-layout-flow wp-block-quote-is-layout-flow\">\n<p>Start\u2019up strasbourgeoise cr\u00e9\u00e9e en 2020, Prosoon d\u00e9veloppe une solution num\u00e9rique blockchain li\u00e9e \u00e0 la formation, la gestion des comp\u00e9tences et le recrutement. Une plateforme web \u00e9co responsable, tourn\u00e9e en faveur de l\u2019\u00e9galit\u00e9 des chances et de la souverainet\u00e9 num\u00e9rique. \u200d<\/p>\n\n\n\n<p>Ce projet a vu le jour suite \u00e0 de nombreux hackathons, et gr\u00e2ce \u00e0 la participation active de toutes les parties prenantes, de la formation \u00e0 l\u2019emploi.<\/p>\n\n\n\n<p>Merci \u00e0 nos partenaires, mentors et ambassadeurs pour toutes leurs contributions.&nbsp;<\/p>\n\n\n\n<p>Plus de d\u00e9tails : rendez-vous sur <a href=\"https:\/\/www.prosoon.com\/\">prosoon.com<\/a><\/p>\n<\/blockquote>\n\n\n\n<figure class=\"wp-block-image size-large is-resized\"><img decoding=\"async\" src=\"https:\/\/images.squarespace-cdn.com\/content\/v1\/66e6100a3504de2d39a61852\/b975c76c-d827-4a17-ad52-0170f2697fa1\/prosoon-logo-duotone.png?format=1500w\" alt=\"\" style=\"width:366px;height:auto\"\/><\/figure>\n<\/details>\n\n\n\n<div class=\"wp-block-buttons alignfull is-content-justification-center is-layout-flex wp-container-core-buttons-is-layout-a89b3969 wp-block-buttons-is-layout-flex\">\n<div class=\"wp-block-button\"><a class=\"wp-block-button__link wp-element-button\" href=\"https:\/\/forms.office.com\/e\/pN8mgpXCi2\">Ajouter mon projet !<\/a><\/div>\n<\/div>\n\n\n\n<details class=\"wp-block-details is-layout-flow wp-block-details-is-layout-flow\"><summary>R\u00e9flexes juridiques \/ D\u00e9couvrir le projet<\/summary>\n<p><\/p>\n\n\n\n<blockquote class=\"wp-block-quote is-layout-flow wp-block-quote-is-layout-flow\">\n<p><\/p>\n\n\n\n<p>R\u00e9flexes juridiques : la solution adaptative learning pour apprendre le droit du travail \u00e0 l&#8217;aide de questions-r\u00e9ponses ! Responsable de master RH, \u00e9cole de management, DRH, PME : proposez notre syst\u00e8me de Q&amp;R adaptatives pour d\u00e9velopper les r\u00e9flexes en droit du travail. 2000 questions-r\u00e9ponses adaptatives sur un parcours de 2 \u00e0 20 heures sont \u00e0 votre disposition sur \u00e9tag\u00e8re. <\/p>\n\n\n\n<p>Plus de d\u00e9tails : rendez-vous sur www.101Formateurs.com \/ <a href=\"https:\/\/vimeo.com\/819143706?share=copy&amp;fl=sv&amp;fe=ci\">https:\/\/vimeo.com\/819143706?share=copy&amp;fl=sv&amp;fe=ci<\/a><\/p>\n<\/blockquote>\n\n\n\n<figure class=\"wp-block-image aligncenter size-large is-resized\"><img decoding=\"async\" src=\"https:\/\/www.101formateurs.com\/wp-content\/uploads\/go-x\/u\/a9cab555-3cbf-4a6c-ac3e-a9ef24a47d3a\/l0,t1,w740,h740\/image.png\" alt=\"\" style=\"width:273px;height:auto\"\/><\/figure>\n<\/details>\n\n\n\n<div class=\"wp-block-buttons alignfull is-content-justification-center is-layout-flex wp-container-core-buttons-is-layout-a89b3969 wp-block-buttons-is-layout-flex\">\n<div class=\"wp-block-button\"><a class=\"wp-block-button__link wp-element-button\" href=\"https:\/\/forms.office.com\/e\/pN8mgpXCi2\">Ajouter mon projet !<\/a><\/div>\n<\/div>\n\n\n\n<blockquote class=\"wp-block-quote is-layout-flow wp-block-quote-is-layout-flow\">\n<p><\/p>\n<\/blockquote>\n","protected":false},"excerpt":{"rendered":"<p>Des projets n\u00e9s dans le grand-Est !<\/p>\n","protected":false},"author":1,"featured_media":0,"parent":0,"menu_order":0,"comment_status":"closed","ping_status":"closed","template":"","meta":{"footnotes":""},"class_list":["post-30","page","type-page","status-publish","hentry"],"_links":{"self":[{"href":"http:\/\/edtechgrandest.fr\/index.php\/wp-json\/wp\/v2\/pages\/30","targetHints":{"allow":["GET"]}}],"collection":[{"href":"http:\/\/edtechgrandest.fr\/index.php\/wp-json\/wp\/v2\/pages"}],"about":[{"href":"http:\/\/edtechgrandest.fr\/index.php\/wp-json\/wp\/v2\/types\/page"}],"author":[{"embeddable":true,"href":"http:\/\/edtechgrandest.fr\/index.php\/wp-json\/wp\/v2\/users\/1"}],"replies":[{"embeddable":true,"href":"http:\/\/edtechgrandest.fr\/index.php\/wp-json\/wp\/v2\/comments?post=30"}],"version-history":[{"count":29,"href":"http:\/\/edtechgrandest.fr\/index.php\/wp-json\/wp\/v2\/pages\/30\/revisions"}],"predecessor-version":[{"id":87,"href":"http:\/\/edtechgrandest.fr\/index.php\/wp-json\/wp\/v2\/pages\/30\/revisions\/87"}],"wp:attachment":[{"href":"http:\/\/edtechgrandest.fr\/index.php\/wp-json\/wp\/v2\/media?parent=30"}],"curies":[{"name":"wp","href":"https:\/\/api.w.org\/{rel}","templated":true}]}}